{"id":115,"date":"2022-08-17T20:37:31","date_gmt":"2022-08-18T01:37:31","guid":{"rendered":"https:\/\/atlanticprojectspanama.com\/?page_id=115"},"modified":"2022-08-17T20:44:54","modified_gmt":"2022-08-18T01:44:54","slug":"contactenos","status":"publish","type":"page","link":"https:\/\/atlanticprojectspanama.com\/index.php\/contactenos\/","title":{"rendered":"Cont\u00e1ctenos"},"content":{"rendered":"<div class=\"g-contact-item\">\n<div class=\"g-contact-label\" style=\"text-align: center;\"><em><strong>Tel\u00e9fono: 392-2213<\/strong><\/em><\/div>\n<\/div>\n<div class=\"g-contact-item\" style=\"text-align: center;\">\n<div class=\"g-contact-icon\"><\/div>\n<div class=\"g-contact-label\"><em><strong>email: info@atlantic-projects.com<\/strong><\/em><\/div>\n<\/div>\n<div style=\"text-align: center;\"><\/div>\n<div style=\"text-align: center;\">\n<p><em><strong>Panam\u00e1, Rep\u00fablica de Panam\u00e1 Avenida Ricardo J. Alfaro,<\/strong><\/em><\/p>\n<p><em><strong>Altos de Panam\u00e1, Plaza Altos de Panam\u00e1, Piso 1, Oficina 11-A.<\/strong><\/em><\/p>\n<p><em><strong><br \/>\n<\/strong><\/em><\/div>\n","protected":false},"excerpt":{"rendered":"<p>Tel\u00e9fono: 392-2213 email: info@atlantic-projects.com Panam\u00e1, Rep\u00fablica de Panam\u00e1 Avenida Ricardo J. Alfaro, Altos de Panam\u00e1, Plaza Altos de Panam\u00e1, Piso 1, Oficina 11-A.<\/p>\n","protected":false},"author":1,"featured_media":0,"parent":0,"menu_order":0,"comment_status":"closed","ping_status":"closed","template":"","meta":{"footnotes":""},"class_list":["post-115","page","type-page","status-publish","hentry"],"_links":{"self":[{"href":"https:\/\/atlanticprojectspanama.com\/index.php\/wp-json\/wp\/v2\/pages\/115","targetHints":{"allow":["GET"]}}],"collection":[{"href":"https:\/\/atlanticprojectspanama.com\/index.php\/wp-json\/wp\/v2\/pages"}],"about":[{"href":"https:\/\/atlanticprojectspanama.com\/index.php\/wp-json\/wp\/v2\/types\/page"}],"author":[{"embeddable":true,"href":"https:\/\/atlanticprojectspanama.com\/index.php\/wp-json\/wp\/v2\/users\/1"}],"replies":[{"embeddable":true,"href":"https:\/\/atlanticprojectspanama.com\/index.php\/wp-json\/wp\/v2\/comments?post=115"}],"version-history":[{"count":2,"href":"https:\/\/atlanticprojectspanama.com\/index.php\/wp-json\/wp\/v2\/pages\/115\/revisions"}],"predecessor-version":[{"id":119,"href":"https:\/\/atlanticprojectspanama.com\/index.php\/wp-json\/wp\/v2\/pages\/115\/revisions\/119"}],"wp:attachment":[{"href":"https:\/\/atlanticprojectspanama.com\/index.php\/wp-json\/wp\/v2\/media?parent=115"}],"curies":[{"name":"wp","href":"https:\/\/api.w.org\/{rel}","templated":true}]}}