{"id":121,"date":"2022-08-18T10:09:52","date_gmt":"2022-08-18T15:09:52","guid":{"rendered":"https:\/\/atlanticprojectspanama.com\/?page_id=121"},"modified":"2022-08-18T10:09:52","modified_gmt":"2022-08-18T15:09:52","slug":"urbanizacion-portobelo","status":"publish","type":"page","link":"https:\/\/atlanticprojectspanama.com\/index.php\/urbanizacion-portobelo\/","title":{"rendered":"Urbanizaci\u00f3n Portobelo"},"content":{"rendered":"<p style=\"text-align: center;\">Dise\u00f1o, movimiento de tierra y construcci\u00f3n de la Urbanizaci\u00f3n Portobelo, conformada por 58 viviendas, calles de acceso, infraestructura y PTR<\/p>\n<p style=\"text-align: center;\"><img loading=\"lazy\" decoding=\"async\" class=\"alignnone size-medium wp-image-122\" src=\"https:\/\/atlanticprojectspanama.com\/wp-content\/uploads\/2022\/08\/urb-portobelo-300x225.jpg\" alt=\"\" width=\"300\" height=\"225\" srcset=\"https:\/\/atlanticprojectspanama.com\/wp-content\/uploads\/2022\/08\/urb-portobelo-300x225.jpg 300w, https:\/\/atlanticprojectspanama.com\/wp-content\/uploads\/2022\/08\/urb-portobelo.jpg 519w\" sizes=\"auto, (max-width: 300px) 100vw, 300px\" \/> <img loading=\"lazy\" decoding=\"async\" class=\"alignnone size-medium wp-image-123\" src=\"https:\/\/atlanticprojectspanama.com\/wp-content\/uploads\/2022\/08\/urb-portobelo2-300x224.jpg\" alt=\"\" width=\"300\" height=\"224\" srcset=\"https:\/\/atlanticprojectspanama.com\/wp-content\/uploads\/2022\/08\/urb-portobelo2-300x224.jpg 300w, https:\/\/atlanticprojectspanama.com\/wp-content\/uploads\/2022\/08\/urb-portobelo2.jpg 473w\" sizes=\"auto, (max-width: 300px) 100vw, 300px\" \/> <img loading=\"lazy\" decoding=\"async\" class=\"alignnone size-medium wp-image-124\" src=\"https:\/\/atlanticprojectspanama.com\/wp-content\/uploads\/2022\/08\/urb-portobelo3-300x224.jpg\" alt=\"\" width=\"300\" height=\"224\" srcset=\"https:\/\/atlanticprojectspanama.com\/wp-content\/uploads\/2022\/08\/urb-portobelo3-300x224.jpg 300w, https:\/\/atlanticprojectspanama.com\/wp-content\/uploads\/2022\/08\/urb-portobelo3.jpg 472w\" sizes=\"auto, (max-width: 300px) 100vw, 300px\" \/><\/p>\n","protected":false},"excerpt":{"rendered":"<p>Dise\u00f1o, movimiento de tierra y construcci\u00f3n de la Urbanizaci\u00f3n Portobelo, conformada por 58 viviendas, calles de acceso, infraestructura y PTR<\/p>\n","protected":false},"author":1,"featured_media":0,"parent":0,"menu_order":0,"comment_status":"closed","ping_status":"closed","template":"","meta":{"footnotes":""},"class_list":["post-121","page","type-page","status-publish","hentry"],"_links":{"self":[{"href":"https:\/\/atlanticprojectspanama.com\/index.php\/wp-json\/wp\/v2\/pages\/121","targetHints":{"allow":["GET"]}}],"collection":[{"href":"https:\/\/atlanticprojectspanama.com\/index.php\/wp-json\/wp\/v2\/pages"}],"about":[{"href":"https:\/\/atlanticprojectspanama.com\/index.php\/wp-json\/wp\/v2\/types\/page"}],"author":[{"embeddable":true,"href":"https:\/\/atlanticprojectspanama.com\/index.php\/wp-json\/wp\/v2\/users\/1"}],"replies":[{"embeddable":true,"href":"https:\/\/atlanticprojectspanama.com\/index.php\/wp-json\/wp\/v2\/comments?post=121"}],"version-history":[{"count":1,"href":"https:\/\/atlanticprojectspanama.com\/index.php\/wp-json\/wp\/v2\/pages\/121\/revisions"}],"predecessor-version":[{"id":125,"href":"https:\/\/atlanticprojectspanama.com\/index.php\/wp-json\/wp\/v2\/pages\/121\/revisions\/125"}],"wp:attachment":[{"href":"https:\/\/atlanticprojectspanama.com\/index.php\/wp-json\/wp\/v2\/media?parent=121"}],"curies":[{"name":"wp","href":"https:\/\/api.w.org\/{rel}","templated":true}]}}