{"id":133,"date":"2022-08-18T10:25:21","date_gmt":"2022-08-18T15:25:21","guid":{"rendered":"https:\/\/atlanticprojectspanama.com\/?page_id=133"},"modified":"2022-08-18T10:25:21","modified_gmt":"2022-08-18T15:25:21","slug":"fabricacion-de-dolos-de-concreto-reforzado-para-el-rompeolas-de-cristobal","status":"publish","type":"page","link":"https:\/\/atlanticprojectspanama.com\/index.php\/fabricacion-de-dolos-de-concreto-reforzado-para-el-rompeolas-de-cristobal\/","title":{"rendered":"Fabricaci\u00f3n de Dolos de Concreto Reforzado para el Rompeolas de Crist\u00f3bal"},"content":{"rendered":"<p style=\"text-align: center;\">Fabricaci\u00f3n de Dolos de concreto reforzado para el rompeolas de Crist\u00f3bal, en la en la entrada del Canal de Panam\u00e1<\/p>\n<p><img loading=\"lazy\" decoding=\"async\" class=\"wp-image-134 aligncenter\" src=\"https:\/\/atlanticprojectspanama.com\/wp-content\/uploads\/2022\/08\/Rompeolas-300x75.jpg\" alt=\"\" width=\"632\" height=\"158\" srcset=\"https:\/\/atlanticprojectspanama.com\/wp-content\/uploads\/2022\/08\/Rompeolas-300x75.jpg 300w, https:\/\/atlanticprojectspanama.com\/wp-content\/uploads\/2022\/08\/Rompeolas-1024x257.jpg 1024w, https:\/\/atlanticprojectspanama.com\/wp-content\/uploads\/2022\/08\/Rompeolas-768x193.jpg 768w, https:\/\/atlanticprojectspanama.com\/wp-content\/uploads\/2022\/08\/Rompeolas.jpg 1057w\" sizes=\"auto, (max-width: 632px) 100vw, 632px\" \/><\/p>\n","protected":false},"excerpt":{"rendered":"<p>Fabricaci\u00f3n de Dolos de concreto reforzado para el rompeolas de Crist\u00f3bal, en la en la entrada del Canal de Panam\u00e1<\/p>\n","protected":false},"author":1,"featured_media":0,"parent":0,"menu_order":0,"comment_status":"closed","ping_status":"closed","template":"","meta":{"footnotes":""},"class_list":["post-133","page","type-page","status-publish","hentry"],"_links":{"self":[{"href":"https:\/\/atlanticprojectspanama.com\/index.php\/wp-json\/wp\/v2\/pages\/133","targetHints":{"allow":["GET"]}}],"collection":[{"href":"https:\/\/atlanticprojectspanama.com\/index.php\/wp-json\/wp\/v2\/pages"}],"about":[{"href":"https:\/\/atlanticprojectspanama.com\/index.php\/wp-json\/wp\/v2\/types\/page"}],"author":[{"embeddable":true,"href":"https:\/\/atlanticprojectspanama.com\/index.php\/wp-json\/wp\/v2\/users\/1"}],"replies":[{"embeddable":true,"href":"https:\/\/atlanticprojectspanama.com\/index.php\/wp-json\/wp\/v2\/comments?post=133"}],"version-history":[{"count":1,"href":"https:\/\/atlanticprojectspanama.com\/index.php\/wp-json\/wp\/v2\/pages\/133\/revisions"}],"predecessor-version":[{"id":135,"href":"https:\/\/atlanticprojectspanama.com\/index.php\/wp-json\/wp\/v2\/pages\/133\/revisions\/135"}],"wp:attachment":[{"href":"https:\/\/atlanticprojectspanama.com\/index.php\/wp-json\/wp\/v2\/media?parent=133"}],"curies":[{"name":"wp","href":"https:\/\/api.w.org\/{rel}","templated":true}]}}