{"id":139,"date":"2022-08-18T10:29:54","date_gmt":"2022-08-18T15:29:54","guid":{"rendered":"https:\/\/atlanticprojectspanama.com\/?page_id=139"},"modified":"2022-08-18T10:29:54","modified_gmt":"2022-08-18T15:29:54","slug":"reemplazo-de-estructura-de-techo-del-edificio-5089-monte-esperanza-colon","status":"publish","type":"page","link":"https:\/\/atlanticprojectspanama.com\/index.php\/reemplazo-de-estructura-de-techo-del-edificio-5089-monte-esperanza-colon\/","title":{"rendered":"Reemplazo de Estructura de Techo del Edificio 5089; Monte Esperanza, Col\u00f3n"},"content":{"rendered":"<p style=\"text-align: center;\">Demolici\u00f3n e instalaci\u00f3n de nueva estructura met\u00e1lica y cubierta de techo para el Taller de Astilleros Industriales de la ACP.<\/p>\n<p><img loading=\"lazy\" decoding=\"async\" class=\"wp-image-140 aligncenter\" src=\"https:\/\/atlanticprojectspanama.com\/wp-content\/uploads\/2022\/08\/Monte-esperanza-300x102.jpg\" alt=\"\" width=\"606\" height=\"206\" srcset=\"https:\/\/atlanticprojectspanama.com\/wp-content\/uploads\/2022\/08\/Monte-esperanza-300x102.jpg 300w, https:\/\/atlanticprojectspanama.com\/wp-content\/uploads\/2022\/08\/Monte-esperanza-768x262.jpg 768w, https:\/\/atlanticprojectspanama.com\/wp-content\/uploads\/2022\/08\/Monte-esperanza.jpg 801w\" sizes=\"auto, (max-width: 606px) 100vw, 606px\" \/><\/p>\n","protected":false},"excerpt":{"rendered":"<p>Demolici\u00f3n e instalaci\u00f3n de nueva estructura met\u00e1lica y cubierta de techo para el Taller de Astilleros Industriales de la ACP.<\/p>\n","protected":false},"author":1,"featured_media":0,"parent":0,"menu_order":0,"comment_status":"closed","ping_status":"closed","template":"","meta":{"footnotes":""},"class_list":["post-139","page","type-page","status-publish","hentry"],"_links":{"self":[{"href":"https:\/\/atlanticprojectspanama.com\/index.php\/wp-json\/wp\/v2\/pages\/139","targetHints":{"allow":["GET"]}}],"collection":[{"href":"https:\/\/atlanticprojectspanama.com\/index.php\/wp-json\/wp\/v2\/pages"}],"about":[{"href":"https:\/\/atlanticprojectspanama.com\/index.php\/wp-json\/wp\/v2\/types\/page"}],"author":[{"embeddable":true,"href":"https:\/\/atlanticprojectspanama.com\/index.php\/wp-json\/wp\/v2\/users\/1"}],"replies":[{"embeddable":true,"href":"https:\/\/atlanticprojectspanama.com\/index.php\/wp-json\/wp\/v2\/comments?post=139"}],"version-history":[{"count":1,"href":"https:\/\/atlanticprojectspanama.com\/index.php\/wp-json\/wp\/v2\/pages\/139\/revisions"}],"predecessor-version":[{"id":141,"href":"https:\/\/atlanticprojectspanama.com\/index.php\/wp-json\/wp\/v2\/pages\/139\/revisions\/141"}],"wp:attachment":[{"href":"https:\/\/atlanticprojectspanama.com\/index.php\/wp-json\/wp\/v2\/media?parent=139"}],"curies":[{"name":"wp","href":"https:\/\/api.w.org\/{rel}","templated":true}]}}