{"id":142,"date":"2022-08-18T10:32:09","date_gmt":"2022-08-18T15:32:09","guid":{"rendered":"https:\/\/atlanticprojectspanama.com\/?page_id=142"},"modified":"2022-08-18T10:32:09","modified_gmt":"2022-08-18T15:32:09","slug":"mejoras-al-sistema-pluvial-de-opm","status":"publish","type":"page","link":"https:\/\/atlanticprojectspanama.com\/index.php\/mejoras-al-sistema-pluvial-de-opm\/","title":{"rendered":"Mejoras al Sistema Pluvial de OPM"},"content":{"rendered":"<p style=\"text-align: center;\">Reposici\u00f3n de canales y pavimentaci\u00f3n de v\u00edas de acceso en los astilleros industriales de Monte Esperanza de la ACP.<\/p>\n<p><img loading=\"lazy\" decoding=\"async\" class=\"wp-image-143 aligncenter\" src=\"https:\/\/atlanticprojectspanama.com\/wp-content\/uploads\/2022\/08\/pluvial-opm-300x89.jpg\" alt=\"\" width=\"586\" height=\"174\" srcset=\"https:\/\/atlanticprojectspanama.com\/wp-content\/uploads\/2022\/08\/pluvial-opm-300x89.jpg 300w, https:\/\/atlanticprojectspanama.com\/wp-content\/uploads\/2022\/08\/pluvial-opm-768x228.jpg 768w, https:\/\/atlanticprojectspanama.com\/wp-content\/uploads\/2022\/08\/pluvial-opm.jpg 1008w\" sizes=\"auto, (max-width: 586px) 100vw, 586px\" \/><\/p>\n","protected":false},"excerpt":{"rendered":"<p>Reposici\u00f3n de canales y pavimentaci\u00f3n de v\u00edas de acceso en los astilleros industriales de Monte Esperanza de la ACP.<\/p>\n","protected":false},"author":1,"featured_media":0,"parent":0,"menu_order":0,"comment_status":"closed","ping_status":"closed","template":"","meta":{"footnotes":""},"class_list":["post-142","page","type-page","status-publish","hentry"],"_links":{"self":[{"href":"https:\/\/atlanticprojectspanama.com\/index.php\/wp-json\/wp\/v2\/pages\/142","targetHints":{"allow":["GET"]}}],"collection":[{"href":"https:\/\/atlanticprojectspanama.com\/index.php\/wp-json\/wp\/v2\/pages"}],"about":[{"href":"https:\/\/atlanticprojectspanama.com\/index.php\/wp-json\/wp\/v2\/types\/page"}],"author":[{"embeddable":true,"href":"https:\/\/atlanticprojectspanama.com\/index.php\/wp-json\/wp\/v2\/users\/1"}],"replies":[{"embeddable":true,"href":"https:\/\/atlanticprojectspanama.com\/index.php\/wp-json\/wp\/v2\/comments?post=142"}],"version-history":[{"count":1,"href":"https:\/\/atlanticprojectspanama.com\/index.php\/wp-json\/wp\/v2\/pages\/142\/revisions"}],"predecessor-version":[{"id":144,"href":"https:\/\/atlanticprojectspanama.com\/index.php\/wp-json\/wp\/v2\/pages\/142\/revisions\/144"}],"wp:attachment":[{"href":"https:\/\/atlanticprojectspanama.com\/index.php\/wp-json\/wp\/v2\/media?parent=142"}],"curies":[{"name":"wp","href":"https:\/\/api.w.org\/{rel}","templated":true}]}}