{"id":145,"date":"2022-08-18T10:34:50","date_gmt":"2022-08-18T15:34:50","guid":{"rendered":"https:\/\/atlanticprojectspanama.com\/?page_id=145"},"modified":"2022-08-18T10:34:50","modified_gmt":"2022-08-18T15:34:50","slug":"instalacion-de-sistema-pluvial-para-el-proyecto-de-saneamiento-de-la-bahia-de-panama","status":"publish","type":"page","link":"https:\/\/atlanticprojectspanama.com\/index.php\/instalacion-de-sistema-pluvial-para-el-proyecto-de-saneamiento-de-la-bahia-de-panama\/","title":{"rendered":"Instalaci\u00f3n de Sistema Pluvial para el Proyecto de Saneamiento de la Bah\u00eda de Panam\u00e1"},"content":{"rendered":"<p style=\"text-align: center;\">Remoci\u00f3n e instalaci\u00f3n de nuevas tuber\u00edas de concreto para el sistema pluvial de las instalaciones del centro de operaci\u00f3n del Saneamiento de la Bah\u00eda de Panam\u00e1<\/p>\n<p><img loading=\"lazy\" decoding=\"async\" class=\"wp-image-146 aligncenter\" src=\"https:\/\/atlanticprojectspanama.com\/wp-content\/uploads\/2022\/08\/bahia-de-panama-300x99.jpg\" alt=\"\" width=\"430\" height=\"142\" srcset=\"https:\/\/atlanticprojectspanama.com\/wp-content\/uploads\/2022\/08\/bahia-de-panama-300x99.jpg 300w, https:\/\/atlanticprojectspanama.com\/wp-content\/uploads\/2022\/08\/bahia-de-panama.jpg 673w\" sizes=\"auto, (max-width: 430px) 100vw, 430px\" \/><\/p>\n","protected":false},"excerpt":{"rendered":"<p>Remoci\u00f3n e instalaci\u00f3n de nuevas tuber\u00edas de concreto para el sistema pluvial de las instalaciones del centro de operaci\u00f3n del Saneamiento de la Bah\u00eda de Panam\u00e1<\/p>\n","protected":false},"author":1,"featured_media":0,"parent":0,"menu_order":0,"comment_status":"closed","ping_status":"closed","template":"","meta":{"footnotes":""},"class_list":["post-145","page","type-page","status-publish","hentry"],"_links":{"self":[{"href":"https:\/\/atlanticprojectspanama.com\/index.php\/wp-json\/wp\/v2\/pages\/145","targetHints":{"allow":["GET"]}}],"collection":[{"href":"https:\/\/atlanticprojectspanama.com\/index.php\/wp-json\/wp\/v2\/pages"}],"about":[{"href":"https:\/\/atlanticprojectspanama.com\/index.php\/wp-json\/wp\/v2\/types\/page"}],"author":[{"embeddable":true,"href":"https:\/\/atlanticprojectspanama.com\/index.php\/wp-json\/wp\/v2\/users\/1"}],"replies":[{"embeddable":true,"href":"https:\/\/atlanticprojectspanama.com\/index.php\/wp-json\/wp\/v2\/comments?post=145"}],"version-history":[{"count":1,"href":"https:\/\/atlanticprojectspanama.com\/index.php\/wp-json\/wp\/v2\/pages\/145\/revisions"}],"predecessor-version":[{"id":147,"href":"https:\/\/atlanticprojectspanama.com\/index.php\/wp-json\/wp\/v2\/pages\/145\/revisions\/147"}],"wp:attachment":[{"href":"https:\/\/atlanticprojectspanama.com\/index.php\/wp-json\/wp\/v2\/media?parent=145"}],"curies":[{"name":"wp","href":"https:\/\/api.w.org\/{rel}","templated":true}]}}