{"id":153,"date":"2022-08-18T10:40:49","date_gmt":"2022-08-18T15:40:49","guid":{"rendered":"https:\/\/atlanticprojectspanama.com\/?page_id=153"},"modified":"2022-08-18T10:40:49","modified_gmt":"2022-08-18T15:40:49","slug":"infraestructura-para-el-centro-de-operaciones-de-carga-en-cocosolito","status":"publish","type":"page","link":"https:\/\/atlanticprojectspanama.com\/index.php\/infraestructura-para-el-centro-de-operaciones-de-carga-en-cocosolito\/","title":{"rendered":"Infraestructura para el Centro de Operaciones de Carga en Cocosolito"},"content":{"rendered":"<p style=\"text-align: center;\">Construcci\u00f3n del sistema pluvial, acueducto, y sanitario; as\u00ed como la pavimentaci\u00f3n de calles de acceso para bodegas del Centro de Operaciones en la zona franca.<\/p>\n<p><img loading=\"lazy\" decoding=\"async\" class=\"alignnone size-medium wp-image-155 aligncenter\" src=\"https:\/\/atlanticprojectspanama.com\/wp-content\/uploads\/2022\/08\/cocosolito-300x238.jpg\" alt=\"\" width=\"300\" height=\"238\" srcset=\"https:\/\/atlanticprojectspanama.com\/wp-content\/uploads\/2022\/08\/cocosolito-300x238.jpg 300w, https:\/\/atlanticprojectspanama.com\/wp-content\/uploads\/2022\/08\/cocosolito.jpg 305w\" sizes=\"auto, (max-width: 300px) 100vw, 300px\" \/><img loading=\"lazy\" decoding=\"async\" class=\"wp-image-154 aligncenter\" src=\"https:\/\/atlanticprojectspanama.com\/wp-content\/uploads\/2022\/08\/cocosolito2-300x113.jpg\" alt=\"\" width=\"502\" height=\"189\" srcset=\"https:\/\/atlanticprojectspanama.com\/wp-content\/uploads\/2022\/08\/cocosolito2-300x113.jpg 300w, https:\/\/atlanticprojectspanama.com\/wp-content\/uploads\/2022\/08\/cocosolito2.jpg 640w\" sizes=\"auto, (max-width: 502px) 100vw, 502px\" \/><\/p>\n","protected":false},"excerpt":{"rendered":"<p>Construcci\u00f3n del sistema pluvial, acueducto, y sanitario; as\u00ed como la pavimentaci\u00f3n de calles de acceso para bodegas del Centro de Operaciones en la zona franca.<\/p>\n","protected":false},"author":1,"featured_media":0,"parent":0,"menu_order":0,"comment_status":"closed","ping_status":"closed","template":"","meta":{"footnotes":""},"class_list":["post-153","page","type-page","status-publish","hentry"],"_links":{"self":[{"href":"https:\/\/atlanticprojectspanama.com\/index.php\/wp-json\/wp\/v2\/pages\/153","targetHints":{"allow":["GET"]}}],"collection":[{"href":"https:\/\/atlanticprojectspanama.com\/index.php\/wp-json\/wp\/v2\/pages"}],"about":[{"href":"https:\/\/atlanticprojectspanama.com\/index.php\/wp-json\/wp\/v2\/types\/page"}],"author":[{"embeddable":true,"href":"https:\/\/atlanticprojectspanama.com\/index.php\/wp-json\/wp\/v2\/users\/1"}],"replies":[{"embeddable":true,"href":"https:\/\/atlanticprojectspanama.com\/index.php\/wp-json\/wp\/v2\/comments?post=153"}],"version-history":[{"count":1,"href":"https:\/\/atlanticprojectspanama.com\/index.php\/wp-json\/wp\/v2\/pages\/153\/revisions"}],"predecessor-version":[{"id":156,"href":"https:\/\/atlanticprojectspanama.com\/index.php\/wp-json\/wp\/v2\/pages\/153\/revisions\/156"}],"wp:attachment":[{"href":"https:\/\/atlanticprojectspanama.com\/index.php\/wp-json\/wp\/v2\/media?parent=153"}],"curies":[{"name":"wp","href":"https:\/\/api.w.org\/{rel}","templated":true}]}}