{"id":165,"date":"2022-08-18T10:49:08","date_gmt":"2022-08-18T15:49:08","guid":{"rendered":"https:\/\/atlanticprojectspanama.com\/?page_id=165"},"modified":"2022-08-18T10:49:08","modified_gmt":"2022-08-18T15:49:08","slug":"construccion-de-sistema-de-canalizacion-de-la-autopista-panama-colon","status":"publish","type":"page","link":"https:\/\/atlanticprojectspanama.com\/index.php\/construccion-de-sistema-de-canalizacion-de-la-autopista-panama-colon\/","title":{"rendered":"Construcci\u00f3n de Sistema de Canalizaci\u00f3n de la Autopista Panam\u00e1-Col\u00f3n"},"content":{"rendered":"<p style=\"text-align: center;\">Construcci\u00f3n de drenajes y cabezales de puentes y tuber\u00edas de concreto para el manejo de las aguas pluviales en la nueva autopista Don Alberto Motta.<\/p>\n<p><img loading=\"lazy\" decoding=\"async\" class=\"wp-image-166 aligncenter\" src=\"https:\/\/atlanticprojectspanama.com\/wp-content\/uploads\/2022\/08\/autopista-panama-colon-300x88.jpg\" alt=\"\" width=\"491\" height=\"144\" srcset=\"https:\/\/atlanticprojectspanama.com\/wp-content\/uploads\/2022\/08\/autopista-panama-colon-300x88.jpg 300w, https:\/\/atlanticprojectspanama.com\/wp-content\/uploads\/2022\/08\/autopista-panama-colon-768x225.jpg 768w, https:\/\/atlanticprojectspanama.com\/wp-content\/uploads\/2022\/08\/autopista-panama-colon.jpg 881w\" sizes=\"auto, (max-width: 491px) 100vw, 491px\" \/><\/p>\n","protected":false},"excerpt":{"rendered":"<p>Construcci\u00f3n de drenajes y cabezales de puentes y tuber\u00edas de concreto para el manejo de las aguas pluviales en la nueva autopista Don Alberto Motta.<\/p>\n","protected":false},"author":1,"featured_media":0,"parent":0,"menu_order":0,"comment_status":"closed","ping_status":"closed","template":"","meta":{"footnotes":""},"class_list":["post-165","page","type-page","status-publish","hentry"],"_links":{"self":[{"href":"https:\/\/atlanticprojectspanama.com\/index.php\/wp-json\/wp\/v2\/pages\/165","targetHints":{"allow":["GET"]}}],"collection":[{"href":"https:\/\/atlanticprojectspanama.com\/index.php\/wp-json\/wp\/v2\/pages"}],"about":[{"href":"https:\/\/atlanticprojectspanama.com\/index.php\/wp-json\/wp\/v2\/types\/page"}],"author":[{"embeddable":true,"href":"https:\/\/atlanticprojectspanama.com\/index.php\/wp-json\/wp\/v2\/users\/1"}],"replies":[{"embeddable":true,"href":"https:\/\/atlanticprojectspanama.com\/index.php\/wp-json\/wp\/v2\/comments?post=165"}],"version-history":[{"count":1,"href":"https:\/\/atlanticprojectspanama.com\/index.php\/wp-json\/wp\/v2\/pages\/165\/revisions"}],"predecessor-version":[{"id":167,"href":"https:\/\/atlanticprojectspanama.com\/index.php\/wp-json\/wp\/v2\/pages\/165\/revisions\/167"}],"wp:attachment":[{"href":"https:\/\/atlanticprojectspanama.com\/index.php\/wp-json\/wp\/v2\/media?parent=165"}],"curies":[{"name":"wp","href":"https:\/\/api.w.org\/{rel}","templated":true}]}}