{"id":275,"date":"2022-08-19T10:44:44","date_gmt":"2022-08-19T15:44:44","guid":{"rendered":"https:\/\/atlanticprojectspanama.com\/?page_id=275"},"modified":"2022-08-19T10:58:24","modified_gmt":"2022-08-19T15:58:24","slug":"servicios","status":"publish","type":"page","link":"https:\/\/atlanticprojectspanama.com\/index.php\/servicios\/","title":{"rendered":"Servicios"},"content":{"rendered":"<ul>\n<li style=\"text-align: center;\">\n<p style=\"text-align: left;\"><strong>Construcci\u00f3n de edificaciones<\/strong><\/p>\n<\/li>\n<li style=\"text-align: left;\"><strong>Construcci\u00f3n de viviendas<\/strong><\/li>\n<li style=\"text-align: left;\"><strong>Construcci\u00f3n de carreteras de asfalto y concreto<\/strong><\/li>\n<li style=\"text-align: left;\"><strong>Restauraci\u00f3n y remodelaci\u00f3n<\/strong><\/li>\n<li style=\"text-align: left;\"><strong>Mantenimiento de edificaciones<\/strong><\/li>\n<li style=\"text-align: left;\"><strong>Movimiento de Tierra<\/strong><\/li>\n<li style=\"text-align: left;\"><strong>Demolici\u00f3n de estructuras existentes<\/strong><\/li>\n<li style=\"text-align: left;\"><strong>Infraestructura de sistema pluvial, sanitario y acueducto<\/strong><\/li>\n<li style=\"text-align: center;\">\n<p style=\"text-align: left;\"><strong>Todo tipo de construcci\u00f3n en general<\/strong><\/p>\n<\/li>\n<\/ul>\n","protected":false},"excerpt":{"rendered":"<p>Construcci\u00f3n de edificaciones Construcci\u00f3n de viviendas Construcci\u00f3n de carreteras de asfalto y concreto Restauraci\u00f3n y remodelaci\u00f3n Mantenimiento de edificaciones Movimiento de Tierra Demolici\u00f3n de estructuras existentes Infraestructura de sistema pluvial, sanitario y acueducto Todo tipo de construcci\u00f3n en general<\/p>\n","protected":false},"author":1,"featured_media":279,"parent":0,"menu_order":0,"comment_status":"closed","ping_status":"closed","template":"","meta":{"footnotes":""},"class_list":["post-275","page","type-page","status-publish","has-post-thumbnail","hentry"],"_links":{"self":[{"href":"https:\/\/atlanticprojectspanama.com\/index.php\/wp-json\/wp\/v2\/pages\/275","targetHints":{"allow":["GET"]}}],"collection":[{"href":"https:\/\/atlanticprojectspanama.com\/index.php\/wp-json\/wp\/v2\/pages"}],"about":[{"href":"https:\/\/atlanticprojectspanama.com\/index.php\/wp-json\/wp\/v2\/types\/page"}],"author":[{"embeddable":true,"href":"https:\/\/atlanticprojectspanama.com\/index.php\/wp-json\/wp\/v2\/users\/1"}],"replies":[{"embeddable":true,"href":"https:\/\/atlanticprojectspanama.com\/index.php\/wp-json\/wp\/v2\/comments?post=275"}],"version-history":[{"count":4,"href":"https:\/\/atlanticprojectspanama.com\/index.php\/wp-json\/wp\/v2\/pages\/275\/revisions"}],"predecessor-version":[{"id":280,"href":"https:\/\/atlanticprojectspanama.com\/index.php\/wp-json\/wp\/v2\/pages\/275\/revisions\/280"}],"wp:featuredmedia":[{"embeddable":true,"href":"https:\/\/atlanticprojectspanama.com\/index.php\/wp-json\/wp\/v2\/media\/279"}],"wp:attachment":[{"href":"https:\/\/atlanticprojectspanama.com\/index.php\/wp-json\/wp\/v2\/media?parent=275"}],"curies":[{"name":"wp","href":"https:\/\/api.w.org\/{rel}","templated":true}]}}