{"id":62,"date":"2022-08-17T16:28:57","date_gmt":"2022-08-17T16:28:57","guid":{"rendered":"https:\/\/atlanticprojectspanama.com\/?page_id=62"},"modified":"2025-09-02T19:18:40","modified_gmt":"2025-09-03T00:18:40","slug":"objetivo-de-la-empresa","status":"publish","type":"page","link":"https:\/\/atlanticprojectspanama.com\/index.php\/objetivo-de-la-empresa\/","title":{"rendered":"Objetivo de la Empresa"},"content":{"rendered":"<p style=\"text-align: left;\">\n<p style=\"text-align: left;\">Atlantic Projects se encuentra enfocada a brindar sus servicios a todos los sectores, y por lo tanto busca satisfacer las necesidades que involucren la atenci\u00f3n de todo tipo de obras y proyectos civiles de la empresa privada y del sector p\u00fablico. Nuestro objetivo es atender dicha necesidad de manera integral, siendo parte activa en el desarrollo de cada proyecto, de forma que \u00e9ste sea adaptado y personalizado a las necesidades de nuestros clientes; es por esto que participamos desde la fase de consultas y elaboraci\u00f3n de anteproyectos, como en la fase del desarrollo de los dise\u00f1os y la propia ejecuci\u00f3n de la construcci\u00f3n de la obra.<\/p>\n","protected":false},"excerpt":{"rendered":"<p>Atlantic Projects se encuentra enfocada a brindar sus servicios a todos los sectores, y por lo tanto busca satisfacer las necesidades que involucren la atenci\u00f3n de todo tipo de obras y proyectos civiles de la empresa privada y del sector p\u00fablico. Nuestro objetivo es atender dicha necesidad de manera integral, siendo parte activa en el [&hellip;]<\/p>\n","protected":false},"author":1,"featured_media":363,"parent":0,"menu_order":0,"comment_status":"closed","ping_status":"closed","template":"","meta":{"footnotes":""},"class_list":["post-62","page","type-page","status-publish","has-post-thumbnail","hentry"],"_links":{"self":[{"href":"https:\/\/atlanticprojectspanama.com\/index.php\/wp-json\/wp\/v2\/pages\/62","targetHints":{"allow":["GET"]}}],"collection":[{"href":"https:\/\/atlanticprojectspanama.com\/index.php\/wp-json\/wp\/v2\/pages"}],"about":[{"href":"https:\/\/atlanticprojectspanama.com\/index.php\/wp-json\/wp\/v2\/types\/page"}],"author":[{"embeddable":true,"href":"https:\/\/atlanticprojectspanama.com\/index.php\/wp-json\/wp\/v2\/users\/1"}],"replies":[{"embeddable":true,"href":"https:\/\/atlanticprojectspanama.com\/index.php\/wp-json\/wp\/v2\/comments?post=62"}],"version-history":[{"count":16,"href":"https:\/\/atlanticprojectspanama.com\/index.php\/wp-json\/wp\/v2\/pages\/62\/revisions"}],"predecessor-version":[{"id":364,"href":"https:\/\/atlanticprojectspanama.com\/index.php\/wp-json\/wp\/v2\/pages\/62\/revisions\/364"}],"wp:featuredmedia":[{"embeddable":true,"href":"https:\/\/atlanticprojectspanama.com\/index.php\/wp-json\/wp\/v2\/media\/363"}],"wp:attachment":[{"href":"https:\/\/atlanticprojectspanama.com\/index.php\/wp-json\/wp\/v2\/media?parent=62"}],"curies":[{"name":"wp","href":"https:\/\/api.w.org\/{rel}","templated":true}]}}