{"id":74,"date":"2022-08-17T18:19:06","date_gmt":"2022-08-17T23:19:06","guid":{"rendered":"https:\/\/atlanticprojectspanama.com\/?page_id=74"},"modified":"2022-08-17T19:04:46","modified_gmt":"2022-08-18T00:04:46","slug":"edificio-de-la-administracion-de-la-zona-libre-de-colon","status":"publish","type":"page","link":"https:\/\/atlanticprojectspanama.com\/index.php\/edificio-de-la-administracion-de-la-zona-libre-de-colon\/","title":{"rendered":"Edificio de la Administraci\u00f3n de la Zona Libre de Col\u00f3n"},"content":{"rendered":"<p style=\"text-align: center;\">Habilitaci\u00f3n y Equipamiento del Nuevo Edificio de la Administraci\u00f3n de la Zona Libre de Col\u00f3n<\/p>\n<p><img loading=\"lazy\" decoding=\"async\" class=\"size-medium wp-image-72 aligncenter\" src=\"https:\/\/atlanticprojectspanama.com\/wp-content\/uploads\/2022\/08\/proyectos-edif-zl3-300x225.jpg\" alt=\"\" width=\"300\" height=\"225\" srcset=\"https:\/\/atlanticprojectspanama.com\/wp-content\/uploads\/2022\/08\/proyectos-edif-zl3-300x225.jpg 300w, https:\/\/atlanticprojectspanama.com\/wp-content\/uploads\/2022\/08\/proyectos-edif-zl3.jpg 496w\" sizes=\"auto, (max-width: 300px) 100vw, 300px\" \/><img loading=\"lazy\" decoding=\"async\" class=\"size-medium wp-image-71 aligncenter\" src=\"https:\/\/atlanticprojectspanama.com\/wp-content\/uploads\/2022\/08\/proyectos-edif-zl2-169x300.jpg\" alt=\"\" width=\"169\" height=\"300\" srcset=\"https:\/\/atlanticprojectspanama.com\/wp-content\/uploads\/2022\/08\/proyectos-edif-zl2-169x300.jpg 169w, https:\/\/atlanticprojectspanama.com\/wp-content\/uploads\/2022\/08\/proyectos-edif-zl2.jpg 576w\" sizes=\"auto, (max-width: 169px) 100vw, 169px\" \/><img loading=\"lazy\" decoding=\"async\" class=\"size-medium wp-image-70 aligncenter\" src=\"https:\/\/atlanticprojectspanama.com\/wp-content\/uploads\/2022\/08\/proyectos-edif-zl-300x225.jpg\" alt=\"\" width=\"300\" height=\"225\" srcset=\"https:\/\/atlanticprojectspanama.com\/wp-content\/uploads\/2022\/08\/proyectos-edif-zl-300x225.jpg 300w, https:\/\/atlanticprojectspanama.com\/wp-content\/uploads\/2022\/08\/proyectos-edif-zl.jpg 504w\" sizes=\"auto, (max-width: 300px) 100vw, 300px\" \/><\/p>\n<p>&nbsp;<\/p>\n","protected":false},"excerpt":{"rendered":"<p>Habilitaci\u00f3n y Equipamiento del Nuevo Edificio de la Administraci\u00f3n de la Zona Libre de Col\u00f3n &nbsp;<\/p>\n","protected":false},"author":1,"featured_media":0,"parent":0,"menu_order":0,"comment_status":"closed","ping_status":"closed","template":"","meta":{"footnotes":""},"class_list":["post-74","page","type-page","status-publish","hentry"],"_links":{"self":[{"href":"https:\/\/atlanticprojectspanama.com\/index.php\/wp-json\/wp\/v2\/pages\/74","targetHints":{"allow":["GET"]}}],"collection":[{"href":"https:\/\/atlanticprojectspanama.com\/index.php\/wp-json\/wp\/v2\/pages"}],"about":[{"href":"https:\/\/atlanticprojectspanama.com\/index.php\/wp-json\/wp\/v2\/types\/page"}],"author":[{"embeddable":true,"href":"https:\/\/atlanticprojectspanama.com\/index.php\/wp-json\/wp\/v2\/users\/1"}],"replies":[{"embeddable":true,"href":"https:\/\/atlanticprojectspanama.com\/index.php\/wp-json\/wp\/v2\/comments?post=74"}],"version-history":[{"count":3,"href":"https:\/\/atlanticprojectspanama.com\/index.php\/wp-json\/wp\/v2\/pages\/74\/revisions"}],"predecessor-version":[{"id":92,"href":"https:\/\/atlanticprojectspanama.com\/index.php\/wp-json\/wp\/v2\/pages\/74\/revisions\/92"}],"wp:attachment":[{"href":"https:\/\/atlanticprojectspanama.com\/index.php\/wp-json\/wp\/v2\/media?parent=74"}],"curies":[{"name":"wp","href":"https:\/\/api.w.org\/{rel}","templated":true}]}}