{"id":87,"date":"2022-08-17T18:59:49","date_gmt":"2022-08-17T23:59:49","guid":{"rendered":"https:\/\/atlanticprojectspanama.com\/?page_id=87"},"modified":"2022-08-17T18:59:49","modified_gmt":"2022-08-17T23:59:49","slug":"construccion-de-quinientas-1000-casas-de-interes-social-en-la-provincia-de-cocle","status":"publish","type":"page","link":"https:\/\/atlanticprojectspanama.com\/index.php\/construccion-de-quinientas-1000-casas-de-interes-social-en-la-provincia-de-cocle\/","title":{"rendered":"Construcci\u00f3n de Quinientas 1000 Casas de Inter\u00e9s Social en la Provincia de Cocl\u00e9"},"content":{"rendered":"<p style=\"text-align: center;\">Construcci\u00f3n de 1000 casas para el Programa de Techos de Esperanza en los Distritos de La Pintada, Ol\u00e1, Nat\u00e1 y Aguadulce, en la Provincia de Cocl\u00e9.<\/p>\n<p style=\"text-align: center;\"><img loading=\"lazy\" decoding=\"async\" class=\"alignnone size-medium wp-image-88\" src=\"https:\/\/atlanticprojectspanama.com\/wp-content\/uploads\/2022\/08\/Casas-de-Interes-Social-Cocle3-300x213.jpg\" alt=\"\" width=\"300\" height=\"213\" srcset=\"https:\/\/atlanticprojectspanama.com\/wp-content\/uploads\/2022\/08\/Casas-de-Interes-Social-Cocle3-300x213.jpg 300w, https:\/\/atlanticprojectspanama.com\/wp-content\/uploads\/2022\/08\/Casas-de-Interes-Social-Cocle3.jpg 461w\" sizes=\"auto, (max-width: 300px) 100vw, 300px\" \/> <img loading=\"lazy\" decoding=\"async\" class=\"alignnone size-medium wp-image-89\" src=\"https:\/\/atlanticprojectspanama.com\/wp-content\/uploads\/2022\/08\/Casas-de-Interes-Social-Cocle-300x180.jpg\" alt=\"\" width=\"300\" height=\"180\" \/> <img loading=\"lazy\" decoding=\"async\" class=\"alignnone size-medium wp-image-90\" src=\"https:\/\/atlanticprojectspanama.com\/wp-content\/uploads\/2022\/08\/Casas-de-Interes-Social-Cocle2-300x178.jpg\" alt=\"\" width=\"300\" height=\"178\" srcset=\"https:\/\/atlanticprojectspanama.com\/wp-content\/uploads\/2022\/08\/Casas-de-Interes-Social-Cocle2-300x178.jpg 300w, https:\/\/atlanticprojectspanama.com\/wp-content\/uploads\/2022\/08\/Casas-de-Interes-Social-Cocle2.jpg 557w\" sizes=\"auto, (max-width: 300px) 100vw, 300px\" \/><\/p>\n","protected":false},"excerpt":{"rendered":"<p>Construcci\u00f3n de 1000 casas para el Programa de Techos de Esperanza en los Distritos de La Pintada, Ol\u00e1, Nat\u00e1 y Aguadulce, en la Provincia de Cocl\u00e9.<\/p>\n","protected":false},"author":1,"featured_media":0,"parent":0,"menu_order":0,"comment_status":"closed","ping_status":"closed","template":"","meta":{"footnotes":""},"class_list":["post-87","page","type-page","status-publish","hentry"],"_links":{"self":[{"href":"https:\/\/atlanticprojectspanama.com\/index.php\/wp-json\/wp\/v2\/pages\/87","targetHints":{"allow":["GET"]}}],"collection":[{"href":"https:\/\/atlanticprojectspanama.com\/index.php\/wp-json\/wp\/v2\/pages"}],"about":[{"href":"https:\/\/atlanticprojectspanama.com\/index.php\/wp-json\/wp\/v2\/types\/page"}],"author":[{"embeddable":true,"href":"https:\/\/atlanticprojectspanama.com\/index.php\/wp-json\/wp\/v2\/users\/1"}],"replies":[{"embeddable":true,"href":"https:\/\/atlanticprojectspanama.com\/index.php\/wp-json\/wp\/v2\/comments?post=87"}],"version-history":[{"count":1,"href":"https:\/\/atlanticprojectspanama.com\/index.php\/wp-json\/wp\/v2\/pages\/87\/revisions"}],"predecessor-version":[{"id":91,"href":"https:\/\/atlanticprojectspanama.com\/index.php\/wp-json\/wp\/v2\/pages\/87\/revisions\/91"}],"wp:attachment":[{"href":"https:\/\/atlanticprojectspanama.com\/index.php\/wp-json\/wp\/v2\/media?parent=87"}],"curies":[{"name":"wp","href":"https:\/\/api.w.org\/{rel}","templated":true}]}}